{"id":7275,"date":"2026-01-17T19:43:21","date_gmt":"2026-01-17T19:43:21","guid":{"rendered":"https:\/\/centeauto.com\/?page_id=7275"},"modified":"2026-01-18T15:11:30","modified_gmt":"2026-01-18T15:11:30","slug":"solicitar-repuesto","status":"publish","type":"page","link":"https:\/\/centeauto.com\/?page_id=7275","title":{"rendered":"Solicitar Repuesto"},"content":{"rendered":"\t\t<div data-elementor-type=\"wp-page\" data-elementor-id=\"7275\" class=\"elementor elementor-7275\" data-elementor-post-type=\"page\">\n\t\t\t\t<div class=\"elementor-element elementor-element-9e9b963 e-flex e-con-boxed e-con e-parent\" data-id=\"9e9b963\" data-element_type=\"container\" data-e-type=\"container\">\n\t\t\t\t\t<div class=\"e-con-inner\">\n\t\t<div class=\"elementor-element elementor-element-2af8ea2 e-con-full e-flex e-con e-child\" data-id=\"2af8ea2\" data-element_type=\"container\" data-e-type=\"container\">\n\t\t\t\t<div class=\"elementor-element elementor-element-56a09b2 elementor-widget__width-initial elementor-widget elementor-widget-video\" data-id=\"56a09b2\" data-element_type=\"widget\" data-e-type=\"widget\" data-settings=\"{&quot;youtube_url&quot;:&quot;https:\\\/\\\/youtube.com\\\/shorts\\\/wk30kK-Y6Qs?feature=share&quot;,&quot;autoplay&quot;:&quot;yes&quot;,&quot;video_type&quot;:&quot;youtube&quot;,&quot;controls&quot;:&quot;yes&quot;}\" data-widget_type=\"video.default\">\n\t\t\t\t\t\t\t<div class=\"elementor-wrapper elementor-open-inline\">\n\t\t\t<div class=\"elementor-video\"><\/div>\t\t<\/div>\n\t\t\t\t\t\t<\/div>\n\t\t\t\t<\/div>\n\t\t\t\t\t<\/div>\n\t\t\t\t<\/div>\n\t\t<div class=\"elementor-element elementor-element-e8d5782 e-flex e-con-boxed e-con e-parent\" data-id=\"e8d5782\" data-element_type=\"container\" data-e-type=\"container\">\n\t\t\t\t\t<div class=\"e-con-inner\">\n\t\t\t\t<div class=\"elementor-element elementor-element-c90688b elementor-widget elementor-widget-shortcode\" data-id=\"c90688b\" data-element_type=\"widget\" data-e-type=\"widget\" data-widget_type=\"shortcode.default\">\n\t\t\t\t\t\t\t<div class=\"elementor-shortcode\">        <div class=\"sar-formulario-container\">\n            <form id=\"sar-formulario\" class=\"sar-form\" enctype=\"multipart\/form-data\">\n                <input type=\"hidden\" id=\"sar_nonce_field\" name=\"sar_nonce_field\" value=\"03d98ef5f0\" \/><input type=\"hidden\" name=\"_wp_http_referer\" value=\"\/index.php?rest_route=%2Fwp%2Fv2%2Fpages%2F7275\" \/>                \n                <div class=\"sar-form-header\">\n                    <h2>Solicitud de Repuesto de Automoci\u00f3n<\/h2>\n                    <p class=\"sar-info\">Complete el formulario con la informaci\u00f3n disponible. Recibir\u00e1 respuesta por WhatsApp.<\/p>\n                <\/div>\n                \n                <div class=\"sar-form-row\">\n                    <div class=\"sar-form-group\">\n                        <label for=\"sar_telefono\">N\u00famero de Tel\u00e9fono<\/label>\n                        <div class=\"sar-telefono-input\">\n                            <select id=\"sar_prefijo\" name=\"prefijo_pais\">\n                                <option value=\"+34\" selected>\ud83c\uddea\ud83c\uddf8 +34 (Espa\u00f1a)<\/option>\n                                <option value=\"+376\">\ud83c\udde6\ud83c\udde9 +376 (Andorra)<\/option>\n                                <option value=\"+213\">\ud83c\udde9\ud83c\uddff +213 (Argelia)<\/option>\n                                <option value=\"+54\">\ud83c\udde6\ud83c\uddf7 +54 (Argentina)<\/option>\n                                <option value=\"+61\">\ud83c\udde6\ud83c\uddfa +61 (Australia)<\/option>\n                                <option value=\"+43\">\ud83c\udde6\ud83c\uddf9 +43 (Austria)<\/option>\n                                <option value=\"+32\">\ud83c\udde7\ud83c\uddea +32 (B\u00e9lgica)<\/option>\n                                <option value=\"+591\">\ud83c\udde7\ud83c\uddf4 +591 (Bolivia)<\/option>\n                                <option value=\"+55\">\ud83c\udde7\ud83c\uddf7 +55 (Brasil)<\/option>\n                                <option value=\"+1\">\ud83c\udde8\ud83c\udde6 +1 (Canad\u00e1)<\/option>\n                                <option value=\"+56\">\ud83c\udde8\ud83c\uddf1 +56 (Chile)<\/option>\n                                <option value=\"+86\">\ud83c\udde8\ud83c\uddf3 +86 (China)<\/option>\n                                <option value=\"+57\">\ud83c\udde8\ud83c\uddf4 +57 (Colombia)<\/option>\n                                <option value=\"+506\">\ud83c\udde8\ud83c\uddf7 +506 (Costa Rica)<\/option>\n                                <option value=\"+53\">\ud83c\udde8\ud83c\uddfa +53 (Cuba)<\/option>\n                                <option value=\"+45\">\ud83c\udde9\ud83c\uddf0 +45 (Dinamarca)<\/option>\n                                <option value=\"+593\">\ud83c\uddea\ud83c\udde8 +593 (Ecuador)<\/option>\n                                <option value=\"+20\">\ud83c\uddea\ud83c\uddec +20 (Egipto)<\/option>\n                                <option value=\"+503\">\ud83c\uddf8\ud83c\uddfb +503 (El Salvador)<\/option>\n                                <option value=\"+971\">\ud83c\udde6\ud83c\uddea +971 (Emiratos \u00c1rabes)<\/option>\n                                <option value=\"+421\">\ud83c\uddf8\ud83c\uddf0 +421 (Eslovaquia)<\/option>\n                                <option value=\"+386\">\ud83c\uddf8\ud83c\uddee +386 (Eslovenia)<\/option>\n                                <option value=\"+1\">\ud83c\uddfa\ud83c\uddf8 +1 (Estados Unidos)<\/option>\n                                <option value=\"+372\">\ud83c\uddea\ud83c\uddea +372 (Estonia)<\/option>\n                                <option value=\"+63\">\ud83c\uddf5\ud83c\udded +63 (Filipinas)<\/option>\n                                <option value=\"+358\">\ud83c\uddeb\ud83c\uddee +358 (Finlandia)<\/option>\n                                <option value=\"+33\">\ud83c\uddeb\ud83c\uddf7 +33 (Francia)<\/option>\n                                <option value=\"+30\">\ud83c\uddec\ud83c\uddf7 +30 (Grecia)<\/option>\n                                <option value=\"+502\">\ud83c\uddec\ud83c\uddf9 +502 (Guatemala)<\/option>\n                                <option value=\"+504\">\ud83c\udded\ud83c\uddf3 +504 (Honduras)<\/option>\n                                <option value=\"+852\">\ud83c\udded\ud83c\uddf0 +852 (Hong Kong)<\/option>\n                                <option value=\"+36\">\ud83c\udded\ud83c\uddfa +36 (Hungr\u00eda)<\/option>\n                                <option value=\"+91\">\ud83c\uddee\ud83c\uddf3 +91 (India)<\/option>\n                                <option value=\"+62\">\ud83c\uddee\ud83c\udde9 +62 (Indonesia)<\/option>\n                                <option value=\"+353\">\ud83c\uddee\ud83c\uddea +353 (Irlanda)<\/option>\n                                <option value=\"+972\">\ud83c\uddee\ud83c\uddf1 +972 (Israel)<\/option>\n                                <option value=\"+39\">\ud83c\uddee\ud83c\uddf9 +39 (Italia)<\/option>\n                                <option value=\"+81\">\ud83c\uddef\ud83c\uddf5 +81 (Jap\u00f3n)<\/option>\n                                <option value=\"+371\">\ud83c\uddf1\ud83c\uddfb +371 (Letonia)<\/option>\n                                <option value=\"+370\">\ud83c\uddf1\ud83c\uddf9 +370 (Lituania)<\/option>\n                                <option value=\"+352\">\ud83c\uddf1\ud83c\uddfa +352 (Luxemburgo)<\/option>\n                                <option value=\"+60\">\ud83c\uddf2\ud83c\uddfe +60 (Malasia)<\/option>\n                                <option value=\"+212\">\ud83c\uddf2\ud83c\udde6 +212 (Marruecos)<\/option>\n                                <option value=\"+52\">\ud83c\uddf2\ud83c\uddfd +52 (M\u00e9xico)<\/option>\n                                <option value=\"+47\">\ud83c\uddf3\ud83c\uddf4 +47 (Noruega)<\/option>\n                                <option value=\"+64\">\ud83c\uddf3\ud83c\uddff +64 (Nueva Zelanda)<\/option>\n                                <option value=\"+31\">\ud83c\uddf3\ud83c\uddf1 +31 (Pa\u00edses Bajos)<\/option>\n                                <option value=\"+507\">\ud83c\uddf5\ud83c\udde6 +507 (Panam\u00e1)<\/option>\n                                <option value=\"+595\">\ud83c\uddf5\ud83c\uddfe +595 (Paraguay)<\/option>\n                                <option value=\"+51\">\ud83c\uddf5\ud83c\uddea +51 (Per\u00fa)<\/option>\n                                <option value=\"+48\">\ud83c\uddf5\ud83c\uddf1 +48 (Polonia)<\/option>\n                                <option value=\"+351\">\ud83c\uddf5\ud83c\uddf9 +351 (Portugal)<\/option>\n                                <option value=\"+974\">\ud83c\uddf6\ud83c\udde6 +974 (Qatar)<\/option>\n                                <option value=\"+44\">\ud83c\uddec\ud83c\udde7 +44 (Reino Unido)<\/option>\n                                <option value=\"+420\">\ud83c\udde8\ud83c\uddff +420 (Rep\u00fablica Checa)<\/option>\n                                <option value=\"+1\">\ud83c\udde9\ud83c\uddf4 +1 (Rep\u00fablica Dominicana)<\/option>\n                                <option value=\"+40\">\ud83c\uddf7\ud83c\uddf4 +40 (Rumania)<\/option>\n                                <option value=\"+7\">\ud83c\uddf7\ud83c\uddfa +7 (Rusia)<\/option>\n                                <option value=\"+966\">\ud83c\uddf8\ud83c\udde6 +966 (Arabia Saudita)<\/option>\n                                <option value=\"+65\">\ud83c\uddf8\ud83c\uddec +65 (Singapur)<\/option>\n                                <option value=\"+27\">\ud83c\uddff\ud83c\udde6 +27 (Sud\u00e1frica)<\/option>\n                                <option value=\"+82\">\ud83c\uddf0\ud83c\uddf7 +82 (Corea del Sur)<\/option>\n                                <option value=\"+46\">\ud83c\uddf8\ud83c\uddea +46 (Suecia)<\/option>\n                                <option value=\"+41\">\ud83c\udde8\ud83c\udded +41 (Suiza)<\/option>\n                                <option value=\"+66\">\ud83c\uddf9\ud83c\udded +66 (Tailandia)<\/option>\n                                <option value=\"+886\">\ud83c\uddf9\ud83c\uddfc +886 (Taiw\u00e1n)<\/option>\n                                <option value=\"+90\">\ud83c\uddf9\ud83c\uddf7 +90 (Turqu\u00eda)<\/option>\n                                <option value=\"+380\">\ud83c\uddfa\ud83c\udde6 +380 (Ucrania)<\/option>\n                                <option value=\"+598\">\ud83c\uddfa\ud83c\uddfe +598 (Uruguay)<\/option>\n                                <option value=\"+58\">\ud83c\uddfb\ud83c\uddea +58 (Venezuela)<\/option>\n                                <option value=\"+84\">\ud83c\uddfb\ud83c\uddf3 +84 (Vietnam)<\/option>\n                            <\/select>\n                            <input type=\"tel\" id=\"sar_telefono\" name=\"telefono\" placeholder=\"600 123 456\">\n                        <\/div>\n                        <small>Seleccione prefijo e introduzca n\u00famero<\/small>\n                        <small class=\"sar-advertencia\">\u26a0\ufe0f <strong>Aseg\u00farate de que el n\u00famero es correcto<\/strong><\/small>\n                    <\/div>\n                    \n                    <div class=\"sar-form-group\">\n                        <label for=\"sar_whatsapp\">\u00bfTiene WhatsApp?<\/label>\n                        <select id=\"sar_whatsapp\" name=\"tiene_whatsapp\">\n                            <option value=\"\">Seleccione...<\/option>\n                            <option value=\"si\">S\u00ed<\/option>\n                            <option value=\"no\">No<\/option>\n                        <\/select>\n                        <small>La respuesta se enviar\u00e1 por WhatsApp<\/small>\n                    <\/div>\n                <\/div>\n                \n                <div class=\"sar-form-row\">\n                    <div class=\"sar-form-group\">\n                        <label for=\"sar_marca\">Marca del Coche<\/label>\n                        <input type=\"text\" id=\"sar_marca\" name=\"marca_coche\" placeholder=\"Ej: Seat, Volkswagen, Ford...\">\n                        <small>Marca del veh\u00edculo<\/small>\n                    <\/div>\n                    \n                    <div class=\"sar-form-group\">\n                        <label for=\"sar_modelo\">Modelo<\/label>\n                        <input type=\"text\" id=\"sar_modelo\" name=\"modelo_coche\" placeholder=\"Ej: Ibiza, Golf, Focus...\">\n                        <small>Modelo espec\u00edfico del veh\u00edculo<\/small>\n                    <\/div>\n                <\/div>\n                \n                <div class=\"sar-form-group\">\n                    <label for=\"sar_matricula\">Matr\u00edcula<\/label>\n                    <input type=\"text\" id=\"sar_matricula\" name=\"matricula\" placeholder=\"Ej: 1234 ABC\">\n                    <small>Matr\u00edcula del veh\u00edculo (opcional pero recomendado)<\/small>\n                <\/div>\n                \n                <div class=\"sar-form-group\">\n                    <label for=\"sar_descripcion\">Descripci\u00f3n del Componente o Repuesto<\/label>\n                    <textarea id=\"sar_descripcion\" name=\"descripcion_componente\" rows=\"4\" \n                              placeholder=\"Ej: Faro delantero derecho, espejo retrovisor, amortiguador trasero...\"><\/textarea>\n                    <small>Describa la pieza que necesita con el mayor detalle posible<\/small>\n                <\/div>\n                \n                <div class=\"sar-form-group\">\n                    <label for=\"sar_referencia\">Referencia de la Pieza<\/label>\n                    <input type=\"text\" id=\"sar_referencia\" name=\"referencia\" placeholder=\"Ej: 6J0 945 096 K\">\n                    <small>C\u00f3digo o n\u00famero de referencia si lo conoce<\/small>\n                <\/div>\n                \n                <div class=\"sar-form-group\">\n                    <label>Fotograf\u00edas (M\u00e1ximo 4)<\/label>\n                    <div class=\"sar-fotos-container\">\n                        <div class=\"sar-foto-item sar-foto-importante\">\n                            <input type=\"file\" id=\"sar_foto1\" name=\"foto_1\" accept=\"image\/*\">\n                            <label for=\"sar_foto1\" class=\"sar-foto-label\">\n                                <span class=\"sar-foto-icon\">\ud83d\udccb<\/span>\n                                <span class=\"sar-foto-titulo\">Foto 1 - FICHA T\u00c9CNICA<\/span>\n                                <span class=\"sar-foto-descripcion\">Ficha t\u00e9cnica del veh\u00edculo (muy importante)<\/span>\n                            <\/label>\n                            <div class=\"sar-foto-preview\" id=\"preview1\"><\/div>\n                        <\/div>\n                        <div class=\"sar-foto-item\">\n                            <input type=\"file\" id=\"sar_foto2\" name=\"foto_2\" accept=\"image\/*\">\n                            <label for=\"sar_foto2\" class=\"sar-foto-label\">\n                                <span class=\"sar-foto-icon\">\ud83d\udcf7<\/span>\n                                <span class=\"sar-foto-titulo\">Foto 2<\/span>\n                                <span class=\"sar-foto-descripcion\">Pieza - Vista general<\/span>\n                            <\/label>\n                            <div class=\"sar-foto-preview\" id=\"preview2\"><\/div>\n                        <\/div>\n                        <div class=\"sar-foto-item\">\n                            <input type=\"file\" id=\"sar_foto3\" name=\"foto_3\" accept=\"image\/*\">\n                            <label for=\"sar_foto3\" class=\"sar-foto-label\">\n                                <span class=\"sar-foto-icon\">\ud83d\udcf7<\/span>\n                                <span class=\"sar-foto-titulo\">Foto 3<\/span>\n                                <span class=\"sar-foto-descripcion\">Referencia\/c\u00f3digo de pieza<\/span>\n                            <\/label>\n                            <div class=\"sar-foto-preview\" id=\"preview3\"><\/div>\n                        <\/div>\n                        <div class=\"sar-foto-item\">\n                            <input type=\"file\" id=\"sar_foto4\" name=\"foto_4\" accept=\"image\/*\">\n                            <label for=\"sar_foto4\" class=\"sar-foto-label\">\n                                <span class=\"sar-foto-icon\">\ud83d\udcf7<\/span>\n                                <span class=\"sar-foto-titulo\">Foto 4<\/span>\n                                <span class=\"sar-foto-descripcion\">Otro \u00e1ngulo de la pieza<\/span>\n                            <\/label>\n                            <div class=\"sar-foto-preview\" id=\"preview4\"><\/div>\n                        <\/div>\n                    <\/div>\n                    <small class=\"sar-fotos-ayuda\">\n                        <strong>\ud83d\udccb Foto 1:<\/strong> Ficha t\u00e9cnica del veh\u00edculo (MUY IMPORTANTE - aseg\u00farese de que se vea claramente).<br>\n                        <strong>\ud83d\udcf7 Fotos 2-4:<\/strong> Tome fotos de la pieza desde varios \u00e1ngulos, incluyendo la referencia si es visible.\n                    <\/small>\n                <\/div>\n                \n                <div class=\"sar-form-group\">\n                    <label for=\"sar_observaciones\">Observaciones e Informaci\u00f3n Adicional<\/label>\n                    <textarea id=\"sar_observaciones\" name=\"observaciones\" rows=\"5\" maxlength=\"2000\" \n                              placeholder=\"Cualquier informaci\u00f3n adicional que considere relevante...\"><\/textarea>\n                    <small><span id=\"sar_contador\">0<\/span> \/ 2000 caracteres<\/small>\n                <\/div>\n                \n                <div class=\"sar-privacidad-container\">\n                    <div class=\"sar-privacidad-contenido\">\n                        <div class=\"sar-privacidad-icono\">\ud83d\udd12<\/div>\n                        <div class=\"sar-privacidad-texto\">\n                            <h4>Importante - Protecci\u00f3n de Datos<\/h4>\n                            <p>Nuestro programa para la LOPD garantiza que tus datos est\u00e1n seguros y s\u00f3lo se utilizar\u00e1n para el \u00fanico fin para el que los has facilitado. Al marcar la casilla, confirmas que has le\u00eddo esta nota importante y que est\u00e1s de acuerdo.<\/p>\n                        <\/div>\n                    <\/div>\n                    <div class=\"sar-privacidad-checkbox\">\n                        <label for=\"sar_aceptar_privacidad\">\n                            <input type=\"checkbox\" id=\"sar_aceptar_privacidad\" name=\"aceptar_privacidad\" required>\n                            <span class=\"sar-checkbox-texto\">He le\u00eddo y acepto la pol\u00edtica de protecci\u00f3n de datos <span class=\"sar-obligatorio\">*<\/span><\/span>\n                        <\/label>\n                    <\/div>\n                <\/div>\n                \n                <div class=\"sar-form-actions\">\n                    <button type=\"submit\" class=\"sar-btn-enviar\">\n                        <span class=\"sar-btn-text\">Enviar Solicitud<\/span>\n                        <span class=\"sar-btn-loading\" style=\"display: none;\">Enviando...<\/span>\n                    <\/button>\n                <\/div>\n                \n                <div id=\"sar-mensaje\" class=\"sar-mensaje\" style=\"display: none;\"><\/div>\n            <\/form>\n        <\/div>\n        <\/div>\n\t\t\t\t\t\t<\/div>\n\t\t\t\t\t<\/div>\n\t\t\t\t<\/div>\n\t\t\t\t<\/div>\n\t\t","protected":false},"excerpt":{"rendered":"","protected":false},"author":1,"featured_media":0,"parent":0,"menu_order":0,"comment_status":"closed","ping_status":"closed","template":"","meta":{"footnotes":""},"class_list":["post-7275","page","type-page","status-publish","hentry"],"_links":{"self":[{"href":"https:\/\/centeauto.com\/index.php?rest_route=\/wp\/v2\/pages\/7275","targetHints":{"allow":["GET"]}}],"collection":[{"href":"https:\/\/centeauto.com\/index.php?rest_route=\/wp\/v2\/pages"}],"about":[{"href":"https:\/\/centeauto.com\/index.php?rest_route=\/wp\/v2\/types\/page"}],"author":[{"embeddable":true,"href":"https:\/\/centeauto.com\/index.php?rest_route=\/wp\/v2\/users\/1"}],"replies":[{"embeddable":true,"href":"https:\/\/centeauto.com\/index.php?rest_route=%2Fwp%2Fv2%2Fcomments&post=7275"}],"version-history":[{"count":5,"href":"https:\/\/centeauto.com\/index.php?rest_route=\/wp\/v2\/pages\/7275\/revisions"}],"predecessor-version":[{"id":7291,"href":"https:\/\/centeauto.com\/index.php?rest_route=\/wp\/v2\/pages\/7275\/revisions\/7291"}],"wp:attachment":[{"href":"https:\/\/centeauto.com\/index.php?rest_route=%2Fwp%2Fv2%2Fmedia&parent=7275"}],"curies":[{"name":"wp","href":"https:\/\/api.w.org\/{rel}","templated":true}]}}